{"id":8,"date":"2012-04-17T16:33:00","date_gmt":"2012-04-17T19:33:00","guid":{"rendered":"http:\/\/orto-nil.com.br\/?page_id=8"},"modified":"2014-04-28T17:07:33","modified_gmt":"2014-04-28T20:07:33","slug":"servicos","status":"publish","type":"page","link":"https:\/\/orto-nil.com.br\/?page_id=8","title":{"rendered":"Servi\u00e7os"},"content":{"rendered":"<p>Servi\u00e7os<\/p>\n<h1>Podologia<\/h1>\n<div>\n<div>\n<p>Podologia:<\/p>\n<p>Com espa\u00e7o amplo e moderno o servi\u00e7o \u00e9 feito por Pod\u00f3logos treinados e habilitados. O tratamento consiste no corte correto das unhas, extra\u00e7\u00e3o de calos e calosidades, creme para hidrata\u00e7\u00e3o, massagem manual e finaliza\u00e7\u00e3o com massageador pr\u00f3prio para os p\u00e9s.<\/p>\n<p>Laserterapia:<\/p>\n<p>Com uma simples avalia\u00e7\u00e3o o pod\u00f3logo \u00a0pode indicar o tratamento a laser que consiste em uma luz de baixa pot\u00eancia (n\u00e3o agressiva ao organismo) que tem como benef\u00edcios sua a\u00e7\u00e3o regeneradora, anti-inflamat\u00f3ria, analg\u00e9sica, fungicida, cicatrizante e muito usado no tratamento de micoses. Seus benef\u00edcios s\u00e3o \u00a0notados em curto prazo.<\/p>\n<p>Ortoniquia:<\/p>\n<p>M\u00e9todo \u00a0que promove a corre\u00e7\u00e3o definitiva de unhas encravadas e\/ou deformadas e de calosidades no canto da unha.<\/p>\n<p>&#8212;&#8212;&#8212;&#8212;&#8212;&#8212;&#8212;&#8212;&#8212;&#8212;&#8212;&#8212;&#8212;&#8212;&#8212;&#8212;&#8212;&#8212;&#8212;&#8212;&#8212;&#8212;&#8212;&#8212;&#8212;&#8212;&#8212;&#8212;&#8212;&#8212;&#8212;&#8212;&#8212;&#8212;&#8212;&#8212;&#8212;&#8212;&#8211;<\/p>\n<\/div>\n<\/div>\n<h1>Massagens<\/h1>\n<div>\n<div>\n<p>Massagens Terap\u00eauticas e Relaxantes<br \/>\nAliviam as dores e desconfortos, eliminam o stress e restabelecem o equil\u00edbrio do corpo.<\/p>\n<p><strong>Shiatsu<\/strong><\/p>\n<p><strong><\/strong>Massagem Oriental, que consiste em press\u00f5es manuais ao longo dos meridianos corporais, estimulando ou sedando a energia de cada \u00f3rg\u00e3o do corpo, proporcionando relaxamento e equil\u00edbrio energ\u00e9tico.<br \/>\nIndicado para problemas de estresse, dores nas costas, ci\u00e1tico e problemas emocionais.<br \/>\nO Shiatsu \u00e9 semelhante \u00e0 acupuntura no que diz respeito \u00e1 filosofia, princ\u00edpios, m\u00e9todo de diagn\u00f3stico e pontos de tratamento.<br \/>\nPor meio dos est\u00edmulos, o terapeuta restabelece o fluxo harmonioso do CHI, alcan\u00e7ando o estado perfeito de equil\u00edbrio da sa\u00fade.<\/p>\n<p><strong>Reflexologia<\/strong><\/p>\n<p><strong><\/strong>Reflexologia \u00e9 a ci\u00eancia que estuda os efeitos reflexos no organismo humano.<br \/>\nPrevine e trata dos dist\u00farbios org\u00e2nicos e dos desequil\u00edbrios emocionais, atrav\u00e9s de est\u00edmulos por press\u00e3o nas termina\u00e7\u00f5es nervosas em pontos espec\u00edficos dos p\u00e9s que representam o organismo em sua totalidade. Essa manipula\u00e7\u00e3o estimula o funcionamento ideal em outras regi\u00f5es do corpo, correspondentes aos pontos manuseados.<br \/>\nAs aplica\u00e7\u00f5es levam \u00e0 desobstru\u00e7\u00e3o do sistema nervoso e, como consequ\u00eancia, melhoram a absor\u00e7\u00e3o de nutrientes, favorecem a limpeza entre as c\u00e9lulas e eliminam pontos de tens\u00e3o respons\u00e1veis pelo aparecimento de enfermidades.<\/p>\n<p><strong>Drenagem Linf\u00e1tica<\/strong><\/p>\n<p><strong><\/strong>\u00c9 uma massagem especifica atrav\u00e9s de movimentos suaves, cont\u00ednuos e r\u00edtmicos. Estimula o sistema linf\u00e1tico, ativa a circula\u00e7\u00e3o e oxigena as c\u00e9lulas. Indicado principalmente no pr\u00e9 e p\u00f3s-cirurgia pl\u00e1stica, p\u00f3s-lipoaspira\u00e7\u00e3o, usada tamb\u00e9m em cicatrizes retr\u00e1teis e hipertr\u00f3ficas, relaxamento, s\u00edndromes vasculares, telangectasias e etc.<\/p>\n<p><strong>Calatonia<\/strong><\/p>\n<p><strong><\/strong>Calatonia \u00e9 uma t\u00e9cnica de relaxamento profundo que leva \u00e0 regula\u00e7\u00e3o do t\u00f4nus, promovendo o reequil\u00edbrio f\u00edsico e ps\u00edquico do paciente. Essencialmente falando, a Calatonia baseia sua atua\u00e7\u00e3o na \u201csensibilidade t\u00e1ctil\u201d, atrav\u00e9s da aplica\u00e7\u00e3o de est\u00edmulos suaves em \u00e1reas do corpo onde se verifica especial concentra\u00e7\u00e3o de receptores nervosos.<\/p>\n<p><strong>Reiki<\/strong><\/p>\n<p><strong><\/strong>Reiki \u00e9 uma terapia energ\u00e9tica natural que utiliza a imposi\u00e7\u00e3o das m\u00e3os.<br \/>\n\u00c9 uma t\u00e9cnica segura, sem efeitos colaterais ou contra indica\u00e7\u00f5es, al\u00e9m de ser compat\u00edvel com qualquer outro tipo de tratamento. O Reiki atende a pessoa de forma hol\u00edstica, ou seja, trabalha o corpo f\u00edsico, bem com os padr\u00f5es de comportamento emocionais e mentais.<\/p>\n<p><strong>Quick Massage<\/strong><\/p>\n<p><strong><\/strong>Quick Massage ou Massagem R\u00e1pida \u00e9 uma t\u00e9cnica de massagem realizada em uma cadeira especialmente projetada para essa finalidade.<br \/>\nA pessoa fica em uma posi\u00e7\u00e3o confort\u00e1vel e relaxante, proporcionado logo no primeiro atendimento o al\u00edvio de dores musculares das regi\u00f5es cervical, dorsal, lombar, membros superiores e das tens\u00f5es e cansa\u00e7o do dia-a-dia.<\/p>\n<p>&#8212;&#8212;&#8212;&#8212;&#8212;&#8212;&#8212;&#8212;&#8212;&#8212;&#8212;&#8212;&#8212;&#8212;&#8212;&#8212;&#8212;&#8212;&#8212;&#8212;&#8212;&#8212;&#8212;&#8212;&#8212;&#8212;&#8212;&#8212;&#8212;&#8212;&#8212;&#8212;&#8212;&#8212;&#8212;&#8212;&#8212;&#8212;&#8211;<\/p>\n<p><strong>Manicure<\/strong><\/p>\n<p>Com a mesma qualidade que j\u00e1 temos em podologia, em nossa unidades poder\u00e1 tamb\u00e9m contar com o servi\u00e7o de manicure.<br \/>\nO servi\u00e7o de manicure pode ser feito junto com a podologia, o que faz voc\u00ea economizar tempo.<\/p>\n<p>Nossas profissionais s\u00e3o habilitadas e com experi\u00eancia.<\/p>\n<\/div>\n<\/div>\n","protected":false},"excerpt":{"rendered":"<p>Servi\u00e7os Podologia Podologia: Com espa\u00e7o amplo e moderno o servi\u00e7o \u00e9 feito por Pod\u00f3logos treinados e habilitados. O tratamento consiste no corte correto das unhas, extra\u00e7\u00e3o de calos e calosidades, creme para hidrata\u00e7\u00e3o, massagem manual e finaliza\u00e7\u00e3o com massageador pr\u00f3prio para os p\u00e9s. Laserterapia: Com uma simples avalia\u00e7\u00e3o o pod\u00f3logo \u00a0pode indicar o tratamento a [&hellip;]<\/p>\n","protected":false},"author":1,"featured_media":0,"parent":0,"menu_order":0,"comment_status":"closed","ping_status":"open","template":"","meta":[],"_links":{"self":[{"href":"https:\/\/orto-nil.com.br\/index.php?rest_route=\/wp\/v2\/pages\/8"}],"collection":[{"href":"https:\/\/orto-nil.com.br\/index.php?rest_route=\/wp\/v2\/pages"}],"about":[{"href":"https:\/\/orto-nil.com.br\/index.php?rest_route=\/wp\/v2\/types\/page"}],"author":[{"embeddable":true,"href":"https:\/\/orto-nil.com.br\/index.php?rest_route=\/wp\/v2\/users\/1"}],"replies":[{"embeddable":true,"href":"https:\/\/orto-nil.com.br\/index.php?rest_route=%2Fwp%2Fv2%2Fcomments&post=8"}],"version-history":[{"count":0,"href":"https:\/\/orto-nil.com.br\/index.php?rest_route=\/wp\/v2\/pages\/8\/revisions"}],"wp:attachment":[{"href":"https:\/\/orto-nil.com.br\/index.php?rest_route=%2Fwp%2Fv2%2Fmedia&parent=8"}],"curies":[{"name":"wp","href":"https:\/\/api.w.org\/{rel}","templated":true}]}}