{"id":6,"date":"2012-04-17T16:32:46","date_gmt":"2012-04-17T19:32:46","guid":{"rendered":"http:\/\/orto-nil.com.br\/?page_id=6"},"modified":"2021-09-16T17:40:52","modified_gmt":"2021-09-16T20:40:52","slug":"lojas","status":"publish","type":"page","link":"https:\/\/orto-nil.com.br\/?page_id=6","title":{"rendered":"Lojas"},"content":{"rendered":"<p>Desde 1967 com servi\u00e7os como podologia, manicure e massagem, al\u00e9m de uma diversidade enorme em produtos para sa\u00fade, beleza, cudados pessoais e muito mais.<br \/>Venha nos conhecer.<br \/>Atendemos em 3 endere\u00e7os:<\/p>\n<p><strong>\u2013 Shopping Higien\u00f3polis<br \/><\/strong>Avenida Higien\u00f3polis, 646 \u2014 S\u00e3o Paulo \u2014 SP<br \/>Piso Higien\u00f3polis Loja 333\/334<br \/>Marque seu hor\u00e1rio pelo fone: (11) 3661-0066\u00a0\/ 3666-0797<\/p>\n<p><strong>\u00a0\u2013 Shopping Ibirapuera<\/strong><br \/>Avenida Ibirapuera, 3103 S\u00e3o Paulo \u2014 SP<br \/>Piso Jurupis Loja 72-a<br \/>Marque seu hor\u00e1rio pelo fone: (11) 5561-9518 \/ 5533-6353<\/p>\n<p><strong>\u2013 Santo Andr\u00e9<br \/><\/strong>Rua Correia Dias, 132 Santo Andr\u00e9 \u2014 SP<br \/>Marque seu hor\u00e1rio pelo fone: (11) 4436-6131 \/ 4436-8159<\/p>\n\n\n<p><\/p>\n","protected":false},"excerpt":{"rendered":"<p>Desde 1967 com servi\u00e7os como podologia, manicure e massagem, al\u00e9m de uma diversidade enorme em produtos para sa\u00fade, beleza, cudados pessoais e muito mais.Venha nos conhecer.Atendemos em 3 endere\u00e7os: \u2013 Shopping Higien\u00f3polisAvenida Higien\u00f3polis, 646 \u2014 S\u00e3o Paulo \u2014 SPPiso Higien\u00f3polis Loja 333\/334Marque seu hor\u00e1rio pelo fone: (11) 3661-0066\u00a0\/ 3666-0797 \u00a0\u2013 Shopping IbirapueraAvenida Ibirapuera, 3103 S\u00e3o [&hellip;]<\/p>\n","protected":false},"author":1,"featured_media":0,"parent":0,"menu_order":0,"comment_status":"closed","ping_status":"open","template":"","meta":[],"_links":{"self":[{"href":"https:\/\/orto-nil.com.br\/index.php?rest_route=\/wp\/v2\/pages\/6"}],"collection":[{"href":"https:\/\/orto-nil.com.br\/index.php?rest_route=\/wp\/v2\/pages"}],"about":[{"href":"https:\/\/orto-nil.com.br\/index.php?rest_route=\/wp\/v2\/types\/page"}],"author":[{"embeddable":true,"href":"https:\/\/orto-nil.com.br\/index.php?rest_route=\/wp\/v2\/users\/1"}],"replies":[{"embeddable":true,"href":"https:\/\/orto-nil.com.br\/index.php?rest_route=%2Fwp%2Fv2%2Fcomments&post=6"}],"version-history":[{"count":0,"href":"https:\/\/orto-nil.com.br\/index.php?rest_route=\/wp\/v2\/pages\/6\/revisions"}],"wp:attachment":[{"href":"https:\/\/orto-nil.com.br\/index.php?rest_route=%2Fwp%2Fv2%2Fmedia&parent=6"}],"curies":[{"name":"wp","href":"https:\/\/api.w.org\/{rel}","templated":true}]}}