{"id":25,"date":"2012-04-17T16:48:08","date_gmt":"2012-04-17T19:48:08","guid":{"rendered":"http:\/\/orto-nil.com.br\/?page_id=25"},"modified":"2012-05-29T22:42:39","modified_gmt":"2012-05-30T01:42:39","slug":"podologia","status":"publish","type":"page","link":"https:\/\/orto-nil.com.br\/?page_id=25","title":{"rendered":"Podologia"},"content":{"rendered":"<p>Podologia:<\/p>\n<p>Com espa\u00e7o amplo e moderno o servi\u00e7o \u00e9 feito por Pod\u00f3logos treinados e habilitados. O tratamento consiste no corte correto das unhas, extra\u00e7\u00e3o de calos e calosidades, creme para hidrata\u00e7\u00e3o, massagem manual e finaliza\u00e7\u00e3o com massageador pr\u00f3prio para os p\u00e9s.<\/p>\n<p>Laserterapia:<\/p>\n<p>Com uma simples avalia\u00e7\u00e3o o pod\u00f3logo \u00a0pode indicar o tratamento a laser que consiste em uma luz de baixa pot\u00eancia (n\u00e3o agressiva ao organismo) que tem como benef\u00edcios sua a\u00e7\u00e3o regeneradora, anti-inflamat\u00f3ria, analg\u00e9sica, fungicida, cicatrizante e muito usado no tratamento de micoses. Seus benef\u00edcios s\u00e3o \u00a0notados em curto prazo.<\/p>\n<p>Ortoniquia:<\/p>\n<p>M\u00e9todo \u00a0que promove a corre\u00e7\u00e3o definitiva de unhas encravadas e\/ou deformadas e de calosidades no canto da unha.<\/p>\n<p>&nbsp;<\/p>\n","protected":false},"excerpt":{"rendered":"<p>Podologia: Com espa\u00e7o amplo e moderno o servi\u00e7o \u00e9 feito por Pod\u00f3logos treinados e habilitados. O tratamento consiste no corte correto das unhas, extra\u00e7\u00e3o de calos e calosidades, creme para hidrata\u00e7\u00e3o, massagem manual e finaliza\u00e7\u00e3o com massageador pr\u00f3prio para os p\u00e9s. Laserterapia: Com uma simples avalia\u00e7\u00e3o o pod\u00f3logo \u00a0pode indicar o tratamento a laser que [&hellip;]<\/p>\n","protected":false},"author":1,"featured_media":0,"parent":8,"menu_order":0,"comment_status":"closed","ping_status":"open","template":"","meta":[],"_links":{"self":[{"href":"https:\/\/orto-nil.com.br\/index.php?rest_route=\/wp\/v2\/pages\/25"}],"collection":[{"href":"https:\/\/orto-nil.com.br\/index.php?rest_route=\/wp\/v2\/pages"}],"about":[{"href":"https:\/\/orto-nil.com.br\/index.php?rest_route=\/wp\/v2\/types\/page"}],"author":[{"embeddable":true,"href":"https:\/\/orto-nil.com.br\/index.php?rest_route=\/wp\/v2\/users\/1"}],"replies":[{"embeddable":true,"href":"https:\/\/orto-nil.com.br\/index.php?rest_route=%2Fwp%2Fv2%2Fcomments&post=25"}],"version-history":[{"count":0,"href":"https:\/\/orto-nil.com.br\/index.php?rest_route=\/wp\/v2\/pages\/25\/revisions"}],"up":[{"embeddable":true,"href":"https:\/\/orto-nil.com.br\/index.php?rest_route=\/wp\/v2\/pages\/8"}],"wp:attachment":[{"href":"https:\/\/orto-nil.com.br\/index.php?rest_route=%2Fwp%2Fv2%2Fmedia&parent=25"}],"curies":[{"name":"wp","href":"https:\/\/api.w.org\/{rel}","templated":true}]}}