{"id":23,"date":"2012-04-17T16:47:46","date_gmt":"2012-04-17T19:47:46","guid":{"rendered":"http:\/\/orto-nil.com.br\/?page_id=23"},"modified":"2014-04-28T17:09:07","modified_gmt":"2014-04-28T20:09:07","slug":"manicure","status":"publish","type":"page","link":"https:\/\/orto-nil.com.br\/?page_id=23","title":{"rendered":"Manicure"},"content":{"rendered":"<p><strong>Manicure<\/strong><\/p>\n<p>Com a mesma qualidade que j\u00e1 temos em podologia, em nossa unidades poder\u00e1 tamb\u00e9m contar com o servi\u00e7o de manicure.<br \/>\nO servi\u00e7o de manicure pode ser feito junto com a podologia, o que faz voc\u00ea economizar tempo.<\/p>\n<p>Nossas profissionais s\u00e3o habilitadas e com experi\u00eancia.<\/p>\n","protected":false},"excerpt":{"rendered":"<p>Manicure Com a mesma qualidade que j\u00e1 temos em podologia, em nossa unidades poder\u00e1 tamb\u00e9m contar com o servi\u00e7o de manicure. O servi\u00e7o de manicure pode ser feito junto com a podologia, o que faz voc\u00ea economizar tempo. Nossas profissionais s\u00e3o habilitadas e com experi\u00eancia.<\/p>\n","protected":false},"author":1,"featured_media":0,"parent":8,"menu_order":0,"comment_status":"closed","ping_status":"open","template":"","meta":[],"_links":{"self":[{"href":"https:\/\/orto-nil.com.br\/index.php?rest_route=\/wp\/v2\/pages\/23"}],"collection":[{"href":"https:\/\/orto-nil.com.br\/index.php?rest_route=\/wp\/v2\/pages"}],"about":[{"href":"https:\/\/orto-nil.com.br\/index.php?rest_route=\/wp\/v2\/types\/page"}],"author":[{"embeddable":true,"href":"https:\/\/orto-nil.com.br\/index.php?rest_route=\/wp\/v2\/users\/1"}],"replies":[{"embeddable":true,"href":"https:\/\/orto-nil.com.br\/index.php?rest_route=%2Fwp%2Fv2%2Fcomments&post=23"}],"version-history":[{"count":0,"href":"https:\/\/orto-nil.com.br\/index.php?rest_route=\/wp\/v2\/pages\/23\/revisions"}],"up":[{"embeddable":true,"href":"https:\/\/orto-nil.com.br\/index.php?rest_route=\/wp\/v2\/pages\/8"}],"wp:attachment":[{"href":"https:\/\/orto-nil.com.br\/index.php?rest_route=%2Fwp%2Fv2%2Fmedia&parent=23"}],"curies":[{"name":"wp","href":"https:\/\/api.w.org\/{rel}","templated":true}]}}