{"id":2,"date":"2012-04-10T18:16:49","date_gmt":"2012-04-10T18:16:49","guid":{"rendered":"http:\/\/orto-nil.com.br\/?page_id=2"},"modified":"2012-06-18T17:37:38","modified_gmt":"2012-06-18T20:37:38","slug":"pagina-exemplo","status":"publish","type":"page","link":"https:\/\/orto-nil.com.br\/?page_id=2","title":{"rendered":"A Empresa"},"content":{"rendered":"<p>Fundada em 1967 a Orto-nil\/ Sa\u00fadeStore come\u00e7ou sua opera\u00e7\u00e3o na cidade de santo Andr\u00e9 \u2013 SP, percebendo a car\u00eancia da regi\u00e3o\u00a0 por produtos ortop\u00e9dicos e servi\u00e7os de podologia.<\/p>\n<p>Logo no come\u00e7o de sua trajet\u00f3ria de sucesso, a Orto-nil\/ Sa\u00fadeStore percebeu que os clientes necessitavam de uma variedade de produtos muito maior do que as lojas do ramo possu\u00edam. Sendo assim, ampliou e criou um mix de produtos diferenciados tornando-se refer\u00eancia no mercado.<\/p>\n<p>Com uma loja inovadora e diferenciada foi ent\u00e3o convidada pelo Shopping Center Ibirapuera para ser a 1\u00b0 loja do setor a abrir sua opera\u00e7\u00e3o em Shopping Center no Brasil, no ano de 1980.<\/p>\n<p>Com o sucesso alcan\u00e7ado em sua loja na cidade de Santo Andr\u00e9 e \u00a0no Shopping Ibirapuera e, sendo refer\u00eancia para fornecedores e consumidores, a Orto-nil\/ Sa\u00fadeStore foi convidada para fazer parte do processo de inaugura\u00e7\u00e3o do Shopping P\u00e1tio Higien\u00f3polis, com um projeto diferenciado de localiza\u00e7\u00e3o, instala\u00e7\u00e3o e mix de produtos, adquirindo uma loja de 110m\u00b2 num dos principais pontos comerciais de shoppings do Brasil, sendo a \u00fanica e exclusiva empresa do setor com este feito.<\/p>\n<p>Em 2009 a Orto-nil\/ Sa\u00fadeStore come\u00e7ou seu processo de importa\u00e7\u00e3o para atender a necessidade de seus consumidores, \u00e1vidos por produtos inovadores e com excelente custo benef\u00edcio.<\/p>\n<p>&nbsp;<\/p>\n","protected":false},"excerpt":{"rendered":"<p>Fundada em 1967 a Orto-nil\/ Sa\u00fadeStore come\u00e7ou sua opera\u00e7\u00e3o na cidade de santo Andr\u00e9 \u2013 SP, percebendo a car\u00eancia da regi\u00e3o\u00a0 por produtos ortop\u00e9dicos e servi\u00e7os de podologia. Logo no come\u00e7o de sua trajet\u00f3ria de sucesso, a Orto-nil\/ Sa\u00fadeStore percebeu que os clientes necessitavam de uma variedade de produtos muito maior do que as lojas [&hellip;]<\/p>\n","protected":false},"author":1,"featured_media":0,"parent":0,"menu_order":0,"comment_status":"open","ping_status":"open","template":"","meta":[],"_links":{"self":[{"href":"https:\/\/orto-nil.com.br\/index.php?rest_route=\/wp\/v2\/pages\/2"}],"collection":[{"href":"https:\/\/orto-nil.com.br\/index.php?rest_route=\/wp\/v2\/pages"}],"about":[{"href":"https:\/\/orto-nil.com.br\/index.php?rest_route=\/wp\/v2\/types\/page"}],"author":[{"embeddable":true,"href":"https:\/\/orto-nil.com.br\/index.php?rest_route=\/wp\/v2\/users\/1"}],"replies":[{"embeddable":true,"href":"https:\/\/orto-nil.com.br\/index.php?rest_route=%2Fwp%2Fv2%2Fcomments&post=2"}],"version-history":[{"count":0,"href":"https:\/\/orto-nil.com.br\/index.php?rest_route=\/wp\/v2\/pages\/2\/revisions"}],"wp:attachment":[{"href":"https:\/\/orto-nil.com.br\/index.php?rest_route=%2Fwp%2Fv2%2Fmedia&parent=2"}],"curies":[{"name":"wp","href":"https:\/\/api.w.org\/{rel}","templated":true}]}}